{"id":2057,"date":"2021-06-03T10:54:46","date_gmt":"2021-06-03T10:54:46","guid":{"rendered":"https:\/\/biotellus.qodeinteractive.com\/?page_id=2057"},"modified":"2025-11-19T10:01:57","modified_gmt":"2025-11-19T10:01:57","slug":"index","status":"publish","type":"page","link":"https:\/\/aytashortum.com.tr\/tr\/","title":{"rendered":"index"},"content":{"rendered":"<div data-elementor-type=\"wp-page\" data-elementor-id=\"2057\" class=\"elementor elementor-2057\">\n\t\t\t\t\t\t<section class=\"elementor-section elementor-top-section elementor-element elementor-element-6a10357 elementor-section-full_width elementor-section-height-default elementor-section-height-default qodef-elementor-content-no qodef-vertical-text-holder-no\" data-id=\"6a10357\" data-element_type=\"section\">\n\t\t\t\t\t\t<div class=\"elementor-container elementor-column-gap-default\">\n\t\t\t\t\t<div class=\"elementor-column elementor-col-100 elementor-top-column elementor-element elementor-element-cff5324\" data-id=\"cff5324\" data-element_type=\"column\">\n\t\t\t<div class=\"elementor-widget-wrap elementor-element-populated\">\n\t\t\t\t\t\t<div class=\"elementor-element elementor-element-a024200 elementor-widget elementor-widget-slider_revolution\" data-id=\"a024200\" data-element_type=\"widget\" data-widget_type=\"slider_revolution.default\">\n\t\t\t\t\t\n\t\t<div class=\"wp-block-themepunch-revslider\">\n\t\t\t\t<p class=\"rs-p-wp-fix\"><\/p>\n\t\t\t\t<sr7-module data-alias=\"renewable-energy-light-main-rev\" data-id=\"7\" id=\"SR7_7_1\" class=\"rs-ov-hidden\" data-version=\"6.7.34\">\n\t\t\t\t\t<sr7-adjuster><\/sr7-adjuster>\n\t\t\t\t\t<sr7-content>\n\t\t\t\t\t\t<sr7-slide id=\"SR7_7_1-12\" data-key=\"12\">\n\t\t\t\t\t\t\t<sr7-bg id=\"SR7_7_1-12-1\" class=\"sr7-layer\"><noscript><img decoding=\"async\" src=\"https:\/\/aytashortum.com.tr\/wp-content\/uploads\/2025\/11\/1-scaled.jpg\" alt=\"\" title=\"1\"><\/noscript><\/sr7-bg>\n\t\t\t\t\t\t<\/sr7-slide>\n\t\t\t\t\t\t<sr7-slide id=\"SR7_7_1-13\" data-key=\"13\">\n\t\t\t\t\t\t\t<sr7-bg id=\"SR7_7_1-13-1\" class=\"sr7-layer\"><noscript><img decoding=\"async\" src=\"https:\/\/aytashortum.com.tr\/wp-content\/uploads\/2025\/11\/7-scaled.jpg\" alt=\"\" title=\"7\"><\/noscript><\/sr7-bg>\n\t\t\t\t\t\t<\/sr7-slide>\n\t\t\t\t\t\t<sr7-slide id=\"SR7_7_1-14\" data-key=\"14\">\n\t\t\t\t\t\t\t<sr7-bg id=\"SR7_7_1-14-3\" class=\"sr7-layer\"><noscript><img decoding=\"async\" src=\"https:\/\/aytashortum.com.tr\/wp-content\/uploads\/2025\/11\/13-scaled.jpg\" alt=\"\" title=\"13\"><\/noscript><\/sr7-bg>\n\t\t\t\t\t\t\t<sr7-txt id=\"SR7_7_1-14-0\" class=\"sr7-layer\">Go green for a healthier life<\/sr7-txt>\n\t\t\t\t\t\t\t<sr7-txt id=\"SR7_7_1-14-1\" class=\"sr7-layer\">Etiam non quam lacus suspendisse faucibus interdum posuere lorem. <br \/>\nEu volutpat odio facilisis mauris turpis egestas integer eget.<\/sr7-txt>\n\t\t\t\t\t\t\t<sr7-txt id=\"SR7_7_1-14-2\" class=\"sr7-layer\" srscsrc><a class=\"qodef-shortcode qodef-m qodef-button qodef-layout--filled qodef-html--link\" href=\"https:\/\/biotellus.qodeinteractive.com\/five-technologies-that-are-changing-the-future\/\" target=\"_self\"  >\n\t<span class=\"qodef-m-text\">Ke\u015ffet<\/span>\n<\/a>\n<\/sr7-txt>\n\t\t\t\t\t\t<\/sr7-slide>\n\t\t\t\t\t\t<sr7-slide id=\"SR7_7_1-24\" data-key=\"24\">\n\t\t\t\t\t\t\t<sr7-txt id=\"SR7_7_1-24-4\" class=\"sr7-layer\">A\u015fa\u011f\u0131 Kayd\u0131r<\/sr7-txt>\n\t\t\t\t\t\t\t<sr7-txt id=\"SR7_7_1-24-7\" class=\"sr7-layer\"><svg class=\"qodef-rev-right-arrow\" xmlns=\"http:\/\/www.w3.org\/2000\/svg\" xmlns:xlink=\"http:\/\/www.w3.org\/1999\/xlink\" x=\"0px\" y=\"0px\" viewbox=\"0 0 26 50.9\" xml:space=\"preserve\"><polyline points=\"0.4,50.6 25.3,25.5 0.4,0.4 \"><\/polyline><\/svg><\/sr7-txt>\n\t\t\t\t\t\t\t<sr7-txt id=\"SR7_7_1-24-9\" class=\"sr7-layer\"><svg class=\"qodef-rev-left-arrow\" xmlns=\"http:\/\/www.w3.org\/2000\/svg\" xmlns:xlink=\"http:\/\/www.w3.org\/1999\/xlink\" x=\"0px\" y=\"0px\" viewbox=\"0 0 26 50.9\" xml:space=\"preserve\"><polyline points=\"0.4,50.6 25.3,25.5 0.4,0.4 \"><\/polyline><\/svg><\/sr7-txt>\n\t\t\t\t\t\t<\/sr7-slide>\n\t\t\t\t\t<\/sr7-content>\n\t\t\t\t\t<image_lists style=\"display:none\">\n\t\t\t\t\t\t<img data-src=\"\/\/aytashortum.com.tr\/wp-content\/uploads\/2025\/11\/1-scaled.jpg\" data-libid=\"9571\" data-lib=\"medialibrary\" title=\"1\" width=\"0\" height=\"0\" data-dbsrc=\"Ly9heXRhc2hvcnR1bS5jb20udHIvd3AtY29udGVudC91cGxvYWRzLzIwMjUvMTEvMS1zY2FsZWQuanBn\"\/>\n\t\t\t\t\t\t<img data-src=\"\/\/aytashortum.com.tr\/wp-content\/uploads\/2025\/11\/7-scaled.jpg\" data-libid=\"9570\" data-lib=\"medialibrary\" title=\"7\" width=\"0\" height=\"0\" data-dbsrc=\"Ly9heXRhc2hvcnR1bS5jb20udHIvd3AtY29udGVudC91cGxvYWRzLzIwMjUvMTEvNy1zY2FsZWQuanBn\"\/>\n\t\t\t\t\t\t<img data-src=\"\/\/aytashortum.com.tr\/wp-content\/uploads\/2025\/11\/13-scaled.jpg\" data-libid=\"9566\" data-lib=\"medialibrary\" title=\"13\" width=\"0\" height=\"0\" data-dbsrc=\"Ly9heXRhc2hvcnR1bS5jb20udHIvd3AtY29udGVudC91cGxvYWRzLzIwMjUvMTEvMTMtc2NhbGVkLmpwZw==\"\/>\n\t\t\t\t\t\t<img loading=\"lazy\" data-src=\"\/\/aytashortum.com.tr\/wp-content\/uploads\/2021\/09\/h3-rev-img-001.png\" data-lib=\"medialibrary\" width=\"0\" height=\"0\" data-dbsrc=\"Ly9heXRhc2hvcnR1bS5jb20udHIvd3AtY29udGVudC91cGxvYWRzLzIwMjEvMDkvaDMtcmV2LWltZy0wMDEucG5n\"\/>\n\t\t\t\t\t\t<img loading=\"lazy\" data-src=\"\/\/aytashortum.com.tr\/wp-content\/uploads\/2021\/09\/h3-rev-img-00.png\" data-lib=\"medialibrary\" width=\"0\" height=\"0\" data-dbsrc=\"Ly9heXRhc2hvcnR1bS5jb20udHIvd3AtY29udGVudC91cGxvYWRzLzIwMjEvMDkvaDMtcmV2LWltZy0wMC5wbmc=\"\/>\n\t\t\t\t\t<\/image_lists>\n\t\t\t\t<\/sr7-module>\n\t\t\t\t<script>\n\t\t\t\t\tSR7.PMH ??={}; SR7.PMH[\"SR7_7_1\"] = {cn:100,state:false,fn: function() { if (_tpt!==undefined && _tpt.prepareModuleHeight !== undefined) {  _tpt.prepareModuleHeight({id:\"SR7_7_1\",el:[900,900,768,960,720],type:'standard',shdw:'0',gh:[900,900,768,960,720],gw:[1240,1240,1024,778,480],vpt:['-200px&#039;,&#039;-200px&#039;,&#039;-200px&#039;,&#039;-200px&#039;,&#039;-200px'],size:{fullWidth:true, fullHeight:true},fho:'',mh:'0',onh:0,onw:0,bg:{color:'{\"orig\":\"transparent\",\"type\":\"solid\",\"string\":\"transparent\"}'}});   SR7.PMH[\"SR7_7_1\"].state=true;} else if(SR7.PMH[\"SR7_7_1\"].cn-->0)\tsetTimeout( SR7.PMH[\"SR7_7_1\"].fn,19);}};SR7.PMH[\"SR7_7_1\" ].fn();\n\t\t\t\t<\/script>\n<\/div>\n\n\t\t\t\t\t\t<\/div>\n\t\t\t\t\t<\/div>\n\t\t<\/div>\n\t\t\t\t\t<\/div>\n\t\t<\/section>\n\t\t\t\t<section class=\"elementor-section elementor-top-section elementor-element elementor-element-9074bce elementor-section-full_width elementor-section-height-default elementor-section-height-default qodef-elementor-content-no qodef-vertical-text-holder-no\" data-id=\"9074bce\" data-element_type=\"section\">\n\t\t\t\t\t\t<div class=\"elementor-container elementor-column-gap-default\">\n\t\t\t\t\t<div class=\"elementor-column elementor-col-100 elementor-top-column elementor-element elementor-element-72cf464\" data-id=\"72cf464\" data-element_type=\"column\">\n\t\t\t<div class=\"elementor-widget-wrap elementor-element-populated\">\n\t\t\t\t\t\t<div class=\"elementor-element elementor-element-917f0ce elementor-widget elementor-widget-biotellus_core_background_circle_text\" data-id=\"917f0ce\" data-element_type=\"widget\" data-widget_type=\"biotellus_core_background_circle_text.default\">\n\t\t\t\t<div class=\"elementor-widget-container\">\n\t\t\t\t\t<div class=\"qodef-shortcode qodef-m qodef-background-circle-text qodef-text-break--disabled\">\n\t<div class=\"qodef-text-wrapper\">\n\t\t\t\t\t<a class=\"qodef-e-link\" itemprop=\"url\" href=\"#\" target=\"_self\"><\/a>\n\t\n\t\t<div class=\"qodef-e-follow-text\">\n\t\t\t<span  >\n\t\t\t\t\u015eirketimiz, paslanmaz esnek hortum makineleri \u00fcretimi konusunda deneyimli ve uzmanla\u015fm\u0131\u015f<br \/> ekibiyle \u00f6ne \u00e7\u0131kmaktad\u0131r.\t\t\t<\/span>\n\t\t<\/div>\n\n\t\t<div class=\"qodef-e-text\">\n\t\t\t<span  >\n\t\t\t\t\u015eirketimiz, paslanmaz esnek hortum makineleri \u00fcretimi konusunda deneyimli ve uzmanla\u015fm\u0131\u015f<br \/> ekibiyle \u00f6ne \u00e7\u0131kmaktad\u0131r.\t\t\t<\/span>\n\t\t<\/div>\n\n\t\t<\/div>\n<\/div>\n\t\t\t\t<\/div>\n\t\t\t\t<\/div>\n\t\t\t\t\t<\/div>\n\t\t<\/div>\n\t\t\t\t\t<\/div>\n\t\t<\/section>\n\t\t\t\t<section class=\"elementor-section elementor-top-section elementor-element elementor-element-31848e1 elementor-section-full_width qodef-elementor-content-grid elementor-section-height-default elementor-section-height-default qodef-vertical-text-holder-no\" data-id=\"31848e1\" data-element_type=\"section\">\n\t\t\t\t\t\t<div class=\"elementor-container elementor-column-gap-default\">\n\t\t\t\t\t<div class=\"elementor-column elementor-col-50 elementor-top-column elementor-element elementor-element-b99c84f\" data-id=\"b99c84f\" data-element_type=\"column\">\n\t\t\t<div class=\"elementor-widget-wrap elementor-element-populated\">\n\t\t\t\t\t\t<div class=\"elementor-element elementor-element-bb08d66 elementor-widget elementor-widget-biotellus_core_counter\" data-id=\"bb08d66\" data-element_type=\"widget\" data-widget_type=\"biotellus_core_counter.default\">\n\t\t\t\t<div class=\"elementor-widget-container\">\n\t\t\t\t\t<div class=\"qodef-shortcode qodef-m qodef-counter qodef-layout--simple\" data-end-digit=\"30\" data-step-digit=\"2\">\n\t<span class=\"qodef-m-digit-mask\">30<\/span>\n\t<div class=\"qodef-m-digit-wrapper\">\n\t\t<span class=\"qodef-m-digit\" ><\/span>\n\t<\/div>\n\t<div class=\"qodef-m-content\">\n\t\t\t<p class=\"qodef-m-text\" >Memnun<\/p>\n\t\t\t<h5 class=\"qodef-m-title\" >\n\t\t\t\t\tM\u00fc\u015fteriler\t\t\t<\/h5>\n\t<\/div>\n<\/div>\n\t\t\t\t<\/div>\n\t\t\t\t<\/div>\n\t\t\t\t\t<\/div>\n\t\t<\/div>\n\t\t\t\t<div class=\"elementor-column elementor-col-50 elementor-top-column elementor-element elementor-element-c6a9ed8\" data-id=\"c6a9ed8\" data-element_type=\"column\">\n\t\t\t<div class=\"elementor-widget-wrap elementor-element-populated\">\n\t\t\t\t\t\t<div class=\"elementor-element elementor-element-a5b7ddb elementor-widget elementor-widget-biotellus_core_counter\" data-id=\"a5b7ddb\" data-element_type=\"widget\" data-widget_type=\"biotellus_core_counter.default\">\n\t\t\t\t<div class=\"elementor-widget-container\">\n\t\t\t\t\t<div class=\"qodef-shortcode qodef-m qodef-counter qodef-layout--simple\" data-start-digit=\"5\" data-end-digit=\"132\" data-step-digit=\"5\">\n\t<span class=\"qodef-m-digit-mask\">132<\/span>\n\t<div class=\"qodef-m-digit-wrapper\">\n\t\t<span class=\"qodef-m-digit\" ><\/span>\n\t<\/div>\n\t<div class=\"qodef-m-content\">\n\t\t\t<p class=\"qodef-m-text\" >Tamamlanan<\/p>\n\t\t\t<h5 class=\"qodef-m-title\" >\n\t\t\t\t\tProjeler\t\t\t<\/h5>\n\t<\/div>\n<\/div>\n\t\t\t\t<\/div>\n\t\t\t\t<\/div>\n\t\t\t\t\t<\/div>\n\t\t<\/div>\n\t\t\t\t\t<\/div>\n\t\t<\/section>\n\t\t\t\t<section class=\"elementor-section elementor-top-section elementor-element elementor-element-a4aa5e9 qodef-elementor-content-grid qodef-extended-grid qodef-extended-grid--left-even-cols elementor-section-full_width elementor-section-height-default elementor-section-height-default qodef-vertical-text-holder-no\" data-id=\"a4aa5e9\" data-element_type=\"section\" data-settings=\"{&quot;background_background&quot;:&quot;classic&quot;}\">\n\t\t\t\t\t\t<div class=\"elementor-container elementor-column-gap-default\">\n\t\t\t\t\t<div class=\"elementor-column elementor-col-50 elementor-top-column elementor-element elementor-element-ba1dfec\" data-id=\"ba1dfec\" data-element_type=\"column\">\n\t\t\t<div class=\"elementor-widget-wrap elementor-element-populated\">\n\t\t\t\t\t\t<div class=\"elementor-element elementor-element-087f002 elementor-widget elementor-widget-biotellus_core_single_image\" data-id=\"087f002\" data-element_type=\"widget\" data-widget_type=\"biotellus_core_single_image.default\">\n\t\t\t\t<div class=\"elementor-widget-container\">\n\t\t\t\t\t<div class=\"qodef-shortcode qodef-m qodef-single-image qodef-layout--default\" data-viewport-offset=\"0.3\">\n\t<div class=\"qodef-m-image\">\n\t\t\t<img loading=\"lazy\" decoding=\"async\" width=\"2560\" height=\"1707\" src=\"https:\/\/aytashortum.com.tr\/wp-content\/uploads\/2025\/11\/13-scaled.jpg\" class=\"attachment-full size-full\" alt=\"\" srcset=\"https:\/\/aytashortum.com.tr\/wp-content\/uploads\/2025\/11\/13-scaled.jpg 2560w, https:\/\/aytashortum.com.tr\/wp-content\/uploads\/2025\/11\/13-300x200.jpg 300w, https:\/\/aytashortum.com.tr\/wp-content\/uploads\/2025\/11\/13-1024x683.jpg 1024w, https:\/\/aytashortum.com.tr\/wp-content\/uploads\/2025\/11\/13-768x512.jpg 768w, https:\/\/aytashortum.com.tr\/wp-content\/uploads\/2025\/11\/13-1536x1024.jpg 1536w, https:\/\/aytashortum.com.tr\/wp-content\/uploads\/2025\/11\/13-2048x1365.jpg 2048w, https:\/\/aytashortum.com.tr\/wp-content\/uploads\/2025\/11\/13-600x400.jpg 600w\" sizes=\"(max-width: 2560px) 100vw, 2560px\" \/>\t<\/div>\n<\/div>\n\t\t\t\t<\/div>\n\t\t\t\t<\/div>\n\t\t\t\t\t<\/div>\n\t\t<\/div>\n\t\t\t\t<div class=\"elementor-column elementor-col-50 elementor-top-column elementor-element elementor-element-7491f78\" data-id=\"7491f78\" data-element_type=\"column\">\n\t\t\t<div class=\"elementor-widget-wrap elementor-element-populated\">\n\t\t\t\t\t\t<div class=\"elementor-element elementor-element-080abae elementor-widget elementor-widget-biotellus_core_section_title\" data-id=\"080abae\" data-element_type=\"widget\" data-widget_type=\"biotellus_core_section_title.default\">\n\t\t\t\t<div class=\"elementor-widget-container\">\n\t\t\t\t\t<div class=\"qodef-shortcode qodef-m qodef-section-title qodef-alignment--left\">\n    <div class=\"qodef-title-wrapper\">\n        \t<p class=\"qodef-m-subtitle\" style=\"margin: 0px 0px 20px 1px\">\n        T\u00fcm D\u00fcnyan\u0131n Tercihi    <\/p>\n        \t<h3 class=\"qodef-m-title translation-block\" >AYTA\u015e Hortum <br> Makineleri<\/h3>\n    <\/div>\n    \t<p class=\"qodef-m-text qodef-bold-text\" >\u00dcretime 2021 y\u0131l\u0131nda ba\u015fland\u0131.<\/p>\n\t\t<p class=\"qodef-m-text\" >\n<\/p>\n<\/div>\n\t\t\t\t<\/div>\n\t\t\t\t<\/div>\n\t\t\t\t<div class=\"elementor-element elementor-element-8a9f0de elementor-widget elementor-widget-text-editor\" data-id=\"8a9f0de\" data-element_type=\"widget\" data-widget_type=\"text-editor.default\">\n\t\t\t\t\t\t\t\t\t<p>\"\u015eirketimiz, paslanmaz esnek hortum makineleri \u00fcretimi konusunda deneyimli ve uzmanla\u015fm\u0131\u015f ekibiyle \u00f6ne \u00e7\u0131kmaktad\u0131r.<\/p>\t\t\t\t\t\t\t\t<\/div>\n\t\t\t\t<div class=\"elementor-element elementor-element-2b37c15 elementor-widget elementor-widget-text-editor\" data-id=\"2b37c15\" data-element_type=\"widget\" data-widget_type=\"text-editor.default\">\n\t\t\t\t\t\t\t\t\t<p>D\u00fcnyada Metal Hortum \u00fcretiminde s\u00f6z sahibi firmalara makine ve yedek par\u00e7a deste\u011fi sa\u011flamaktad\u0131r<\/p>\t\t\t\t\t\t\t\t<\/div>\n\t\t\t\t<div class=\"elementor-element elementor-element-4133b5c elementor-widget elementor-widget-biotellus_core_button\" data-id=\"4133b5c\" data-element_type=\"widget\" data-widget_type=\"biotellus_core_button.default\">\n\t\t\t\t<div class=\"elementor-widget-container\">\n\t\t\t\t\t<a class=\"qodef-shortcode qodef-m qodef-button qodef-layout--filled qodef-html--link\" href=\"\/tr\/about-us\/\" target=\"_self\"  >\n\t<span class=\"qodef-m-text\">Ke\u015ffet<\/span>\n<\/a>\n\t\t\t\t<\/div>\n\t\t\t\t<\/div>\n\t\t\t\t\t<\/div>\n\t\t<\/div>\n\t\t\t\t\t<\/div>\n\t\t<\/section>\n\t\t\t\t<section class=\"elementor-section elementor-top-section elementor-element elementor-element-4ba8ece elementor-section-boxed elementor-section-height-default elementor-section-height-default qodef-elementor-content-no qodef-vertical-text-holder-no\" data-id=\"4ba8ece\" data-element_type=\"section\">\n\t\t\t\t\t\t<div class=\"elementor-container elementor-column-gap-default\">\n\t\t\t\t\t<div class=\"elementor-column elementor-col-100 elementor-top-column elementor-element elementor-element-3425d19\" data-id=\"3425d19\" data-element_type=\"column\">\n\t\t\t<div class=\"elementor-widget-wrap elementor-element-populated\">\n\t\t\t\t\t\t<div class=\"elementor-element elementor-element-8aec3a3 elementor-widget elementor-widget-biotellus_core_features_comparison\" data-id=\"8aec3a3\" data-element_type=\"widget\" data-widget_type=\"biotellus_core_features_comparison.default\">\n\t\t\t\t<div class=\"elementor-widget-container\">\n\t\t\t\t\t<div class=\"qodef-shortcode qodef-m qodef-features-comparison\" >\n\t<\/div>\n\t\t\t\t<\/div>\n\t\t\t\t<\/div>\n\t\t\t\t\t<\/div>\n\t\t<\/div>\n\t\t\t\t\t<\/div>\n\t\t<\/section>\n\t\t\t\t<\/div>","protected":false},"excerpt":{"rendered":"<p>Our company stands out with its experienced and specialized team in the production of stainless flexible hose machines. Our company stands out with its experienced and specialized team in the production of stainless flexible hose machines. 30 Happy Clients 132 Completed Projects The world&#8217;s choice AYTA\u015e Hose Machines Production commenced in 2021. Our company stands [&hellip;]<\/p>","protected":false},"author":1,"featured_media":0,"parent":0,"menu_order":0,"comment_status":"closed","ping_status":"closed","template":"page-full-width.php","meta":{"footnotes":""},"class_list":["post-2057","page","type-page","status-publish","hentry"],"_links":{"self":[{"href":"https:\/\/aytashortum.com.tr\/tr\/wp-json\/wp\/v2\/pages\/2057","targetHints":{"allow":["GET"]}}],"collection":[{"href":"https:\/\/aytashortum.com.tr\/tr\/wp-json\/wp\/v2\/pages"}],"about":[{"href":"https:\/\/aytashortum.com.tr\/tr\/wp-json\/wp\/v2\/types\/page"}],"author":[{"embeddable":true,"href":"https:\/\/aytashortum.com.tr\/tr\/wp-json\/wp\/v2\/users\/1"}],"replies":[{"embeddable":true,"href":"https:\/\/aytashortum.com.tr\/tr\/wp-json\/wp\/v2\/comments?post=2057"}],"version-history":[{"count":46,"href":"https:\/\/aytashortum.com.tr\/tr\/wp-json\/wp\/v2\/pages\/2057\/revisions"}],"predecessor-version":[{"id":9721,"href":"https:\/\/aytashortum.com.tr\/tr\/wp-json\/wp\/v2\/pages\/2057\/revisions\/9721"}],"wp:attachment":[{"href":"https:\/\/aytashortum.com.tr\/tr\/wp-json\/wp\/v2\/media?parent=2057"}],"curies":[{"name":"wp","href":"https:\/\/api.w.org\/{rel}","templated":true}]}}