{"id":2804,"date":"2021-06-07T10:16:16","date_gmt":"2021-06-07T10:16:16","guid":{"rendered":"https:\/\/biotellus.qodeinteractive.com\/?page_id=2804"},"modified":"2025-11-17T12:44:06","modified_gmt":"2025-11-17T12:44:06","slug":"about-us","status":"publish","type":"page","link":"https:\/\/aytashortum.com.tr\/tr\/about-us\/","title":{"rendered":"Hakk\u0131m\u0131zda"},"content":{"rendered":"<div data-elementor-type=\"wp-page\" data-elementor-id=\"2804\" class=\"elementor elementor-2804\">\n\t\t\t\t\t\t<section class=\"elementor-section elementor-top-section elementor-element elementor-element-943c5d4 elementor-section-full_width qodef-elementor-content-grid elementor-section-height-default elementor-section-height-default qodef-vertical-text-holder-no\" data-id=\"943c5d4\" data-element_type=\"section\" data-settings=\"{&quot;background_background&quot;:&quot;classic&quot;}\">\n\t\t\t\t\t\t<div class=\"elementor-container elementor-column-gap-default\">\n\t\t\t\t\t<div class=\"elementor-column elementor-col-100 elementor-top-column elementor-element elementor-element-565f766\" data-id=\"565f766\" data-element_type=\"column\">\n\t\t\t<div class=\"elementor-widget-wrap elementor-element-populated\">\n\t\t\t\t\t\t<div class=\"elementor-element elementor-element-db2ebe3 elementor-widget elementor-widget-biotellus_core_section_title\" data-id=\"db2ebe3\" data-element_type=\"widget\" data-widget_type=\"biotellus_core_section_title.default\">\n\t\t\t\t<div class=\"elementor-widget-container\">\n\t\t\t\t\t<div class=\"qodef-shortcode qodef-m qodef-section-title qodef-alignment--left\">\n    <div class=\"qodef-title-wrapper\">\n        \t<p class=\"qodef-m-subtitle\" style=\"margin: 0px 0px 22px 3px\">\n        Biz Kimiz    <\/p>\n        \t<h2 class=\"qodef-m-title\" >\n\t\t\t\t\tAYTA\u015e Hortum Makineleri\t\t\t<\/h2>\n    <\/div>\n    \t<p class=\"qodef-m-text qodef-bold-text\" >\u00dcretime 2021 y\u0131l\u0131nda ba\u015fland\u0131.<\/p>\n\t<\/div>\n\t\t\t\t<\/div>\n\t\t\t\t<\/div>\n\t\t\t\t<section class=\"elementor-section elementor-inner-section elementor-element elementor-element-66ecc7d elementor-section-full_width elementor-section-height-default elementor-section-height-default qodef-elementor-content-no qodef-vertical-text-holder-no\" data-id=\"66ecc7d\" data-element_type=\"section\">\n\t\t\t\t\t\t<div class=\"elementor-container elementor-column-gap-default\">\n\t\t\t\t\t<div class=\"elementor-column elementor-col-33 elementor-inner-column elementor-element elementor-element-73e3059\" data-id=\"73e3059\" data-element_type=\"column\">\n\t\t\t<div class=\"elementor-widget-wrap elementor-element-populated\">\n\t\t\t\t\t\t<div class=\"elementor-element elementor-element-ef2cf7f elementor-widget elementor-widget-biotellus_core_section_title\" data-id=\"ef2cf7f\" data-element_type=\"widget\" data-widget_type=\"biotellus_core_section_title.default\">\n\t\t\t\t<div class=\"elementor-widget-container\">\n\t\t\t\t\t<div class=\"qodef-shortcode qodef-m qodef-section-title qodef-alignment--left\">\n    <div class=\"qodef-title-wrapper\">\n                \t<h5 class=\"qodef-m-title\" >\n\t\t\t\t\tUzmanl\u0131k Alanlar\u0131m\u0131z\t\t\t<\/h5>\n    <\/div>\n    \t\t<p class=\"qodef-m-text\" style=\"margin-top: 15px\">\u015eirketimiz, her biri paslanmaz \u00e7elik esnek hortum makinesi \u00fcretiminde m\u00fckemmeliyet\u00e7i, deneyimli uzman ekibiyle \u00f6ne \u00e7\u0131kmaktad\u0131r.\n\nK\u00fcresel Metal Hortum \u00fcretim sekt\u00f6r\u00fcndeki \u00f6nde gelen firmalara makine ve yedek par\u00e7a deste\u011fi sa\u011flamaktay\u0131z.\n\nM\u00fc\u015fterilerimizin ihtiya\u00e7 ve gereksinimlerine g\u00f6re uyarlanm\u0131\u015f mekanik formlama sistemi kullanarak, Amerikan ve Avrupa Standartlar\u0131na uygun hortum \u00fcretebilen, uzun \u00f6m\u00fcrl\u00fc, kullan\u0131c\u0131 dostu ve s\u00fcrd\u00fcr\u00fclebilir \u00fcretim kapasitesine sahip esnek metal hortum makineleri \u00fcretmekteyiz.\n\nAyr\u0131ca, sat\u0131\u015f sonras\u0131 teknik destek ve yedek par\u00e7a tedariki sa\u011flayarak m\u00fc\u015fterilerimizin her zaman yan\u0131nday\u0131z.<\/p>\n<\/div>\n\t\t\t\t<\/div>\n\t\t\t\t<\/div>\n\t\t\t\t\t<\/div>\n\t\t<\/div>\n\t\t\t\t<div class=\"elementor-column elementor-col-33 elementor-inner-column elementor-element elementor-element-a914326\" data-id=\"a914326\" data-element_type=\"column\">\n\t\t\t<div class=\"elementor-widget-wrap elementor-element-populated\">\n\t\t\t\t\t\t<div class=\"elementor-element elementor-element-b1457be elementor-widget elementor-widget-biotellus_core_section_title\" data-id=\"b1457be\" data-element_type=\"widget\" data-widget_type=\"biotellus_core_section_title.default\">\n\t\t\t\t<div class=\"elementor-widget-container\">\n\t\t\t\t\t<div class=\"qodef-shortcode qodef-m qodef-section-title qodef-alignment--left\">\n    <div class=\"qodef-title-wrapper\">\n                \t<h5 class=\"qodef-m-title\" >\n\t\t\t\t\tVizyonumuz\t\t\t<\/h5>\n    <\/div>\n    \t\t<p class=\"qodef-m-text\" style=\"margin-top: 15px\">D\u00fcnya genelinde paslanmaz \u00e7elik esnek hortum \u00fcretim teknolojilerinde en g\u00fcvenilir ve yenilik\u00e7i makine \u00fcreticisi olmak; m\u00fchendislik g\u00fcc\u00fcm\u00fcz, kaliteye olan ba\u011fl\u0131l\u0131\u011f\u0131m\u0131z ve k\u00fcresel servis deste\u011fimizle sekt\u00f6r\u00fcn gelece\u011fine y\u00f6n vermek.<\/p>\n<\/div>\n\t\t\t\t<\/div>\n\t\t\t\t<\/div>\n\t\t\t\t\t<\/div>\n\t\t<\/div>\n\t\t\t\t<div class=\"elementor-column elementor-col-33 elementor-inner-column elementor-element elementor-element-dddb198\" data-id=\"dddb198\" data-element_type=\"column\">\n\t\t\t<div class=\"elementor-widget-wrap elementor-element-populated\">\n\t\t\t\t\t\t<div class=\"elementor-element elementor-element-ea54710 elementor-widget elementor-widget-biotellus_core_section_title\" data-id=\"ea54710\" data-element_type=\"widget\" data-widget_type=\"biotellus_core_section_title.default\">\n\t\t\t\t<div class=\"elementor-widget-container\">\n\t\t\t\t\t<div class=\"qodef-shortcode qodef-m qodef-section-title qodef-alignment--left\">\n    <div class=\"qodef-title-wrapper\">\n                \t<h5 class=\"qodef-m-title\" >\n\t\t\t\t\tMisyonumuz\t\t\t<\/h5>\n    <\/div>\n    \t\t<p class=\"qodef-m-text\" style=\"margin-top: 15px\">Paslanmaz \u00e7elik esnek metal hortum \u00fcretiminde y\u00fcksek verimlilik, hassasiyet ve uzun s\u00fcreli dayan\u0131kl\u0131l\u0131k sa\u011flayan makineler tasarlamak ve \u00fcretmek.\n\nM\u00fc\u015fterilerimize yaln\u0131zca makine de\u011fil, ayn\u0131 zamanda bilgi, teknik destek ve s\u00fcrekli geli\u015ftirme yakla\u015f\u0131m\u0131 sunarak \u00fcretim s\u00fcre\u00e7lerine de\u011fer katmak ve k\u00fcresel pazarda rekabet g\u00fc\u00e7lerini art\u0131rmak.<\/p>\n<\/div>\n\t\t\t\t<\/div>\n\t\t\t\t<\/div>\n\t\t\t\t\t<\/div>\n\t\t<\/div>\n\t\t\t\t\t<\/div>\n\t\t<\/section>\n\t\t\t\t\t<\/div>\n\t\t<\/div>\n\t\t\t\t\t<\/div>\n\t\t<\/section>\n\t\t\t\t<\/div>","protected":false},"excerpt":{"rendered":"<p>Who We Are AYTA\u015e Hose Machinery Production commenced in 2021. Our Expertise Our company stands out with its experienced team of specialists, each excelling in the production of stainless steel flexible hose machinery. We provide machinery and spare parts support to leading companies in the global Metal Hose production sector. We manufacture long-lasting, user-friendly, and [&hellip;]<\/p>","protected":false},"author":1,"featured_media":0,"parent":0,"menu_order":0,"comment_status":"closed","ping_status":"closed","template":"page-full-width.php","meta":{"footnotes":""},"class_list":["post-2804","page","type-page","status-publish","hentry"],"_links":{"self":[{"href":"https:\/\/aytashortum.com.tr\/tr\/wp-json\/wp\/v2\/pages\/2804","targetHints":{"allow":["GET"]}}],"collection":[{"href":"https:\/\/aytashortum.com.tr\/tr\/wp-json\/wp\/v2\/pages"}],"about":[{"href":"https:\/\/aytashortum.com.tr\/tr\/wp-json\/wp\/v2\/types\/page"}],"author":[{"embeddable":true,"href":"https:\/\/aytashortum.com.tr\/tr\/wp-json\/wp\/v2\/users\/1"}],"replies":[{"embeddable":true,"href":"https:\/\/aytashortum.com.tr\/tr\/wp-json\/wp\/v2\/comments?post=2804"}],"version-history":[{"count":15,"href":"https:\/\/aytashortum.com.tr\/tr\/wp-json\/wp\/v2\/pages\/2804\/revisions"}],"predecessor-version":[{"id":9679,"href":"https:\/\/aytashortum.com.tr\/tr\/wp-json\/wp\/v2\/pages\/2804\/revisions\/9679"}],"wp:attachment":[{"href":"https:\/\/aytashortum.com.tr\/tr\/wp-json\/wp\/v2\/media?parent=2804"}],"curies":[{"name":"wp","href":"https:\/\/api.w.org\/{rel}","templated":true}]}}