{"id":4609,"date":"2021-06-11T10:12:14","date_gmt":"2021-06-11T10:12:14","guid":{"rendered":"https:\/\/biotellus.qodeinteractive.com\/?page_id=4609"},"modified":"2025-12-17T07:26:34","modified_gmt":"2025-12-17T07:26:34","slug":"contact-us","status":"publish","type":"page","link":"https:\/\/aytashortum.com.tr\/tr\/contact-us\/","title":{"rendered":"\u0130leti\u015fim"},"content":{"rendered":"<div data-elementor-type=\"wp-page\" data-elementor-id=\"4609\" class=\"elementor elementor-4609\">\n\t\t\t\t\t\t<section class=\"elementor-section elementor-top-section elementor-element elementor-element-173a5b8 qodef-elementor-content-grid elementor-section-boxed elementor-section-height-default elementor-section-height-default qodef-vertical-text-holder-no\" data-id=\"173a5b8\" data-element_type=\"section\">\n\t\t\t\t\t\t<div class=\"elementor-container elementor-column-gap-default\">\n\t\t\t\t\t<div class=\"elementor-column elementor-col-50 elementor-top-column elementor-element elementor-element-b54e98a\" data-id=\"b54e98a\" data-element_type=\"column\">\n\t\t\t<div class=\"elementor-widget-wrap elementor-element-populated\">\n\t\t\t\t\t\t<div class=\"elementor-element elementor-element-e1a6a17 elementor-widget elementor-widget-spacer\" data-id=\"e1a6a17\" data-element_type=\"widget\" data-widget_type=\"spacer.default\">\n\t\t\t\t\t\t\t<div class=\"elementor-spacer\">\n\t\t\t<div class=\"elementor-spacer-inner\"><\/div>\n\t\t<\/div>\n\t\t\t\t\t\t<\/div>\n\t\t\t\t<div class=\"elementor-element elementor-element-eb7196d elementor-widget elementor-widget-shortcode\" data-id=\"eb7196d\" data-element_type=\"widget\" data-widget_type=\"shortcode.default\">\n\t\t\t\t\t\t\t<div class=\"elementor-shortcode\"><iframe src=\"https:\/\/www.google.com\/maps\/embed?pb=!1m18!1m12!1m3!1d3019.9397963927927!2d29.556133976521373!3d40.807316731774115!2m3!1f0!2f0!3f0!3m2!1i1024!2i768!4f13.1!3m3!1m2!1s0x14cb2597de9521ad%3A0x930360967fbc8b0!2zQXl0YcWfIEhvcnR1bSBExLHFnyBUaWNhcmV0IE1ha2luZSBTYW5heWkgQcWf!5e0!3m2!1str!2str!4v1763546345073!5m2!1str!2str\" width=\"600\" height=\"450\" style=\"border:0;\" allowfullscreen=\"\" loading=\"lazy\" referrerpolicy=\"no-referrer-when-downgrade\"><\/iframe><\/div>\n\t\t\t\t\t\t<\/div>\n\t\t\t\t\t<\/div>\n\t\t<\/div>\n\t\t\t\t<div class=\"elementor-column elementor-col-50 elementor-top-column elementor-element elementor-element-bd0eed8\" data-id=\"bd0eed8\" data-element_type=\"column\">\n\t\t\t<div class=\"elementor-widget-wrap elementor-element-populated\">\n\t\t\t\t\t\t<div class=\"elementor-element elementor-element-b8d5ebf elementor-widget elementor-widget-biotellus_core_section_title\" data-id=\"b8d5ebf\" data-element_type=\"widget\" data-widget_type=\"biotellus_core_section_title.default\">\n\t\t\t\t<div class=\"elementor-widget-container\">\n\t\t\t\t\t<div class=\"qodef-shortcode qodef-m qodef-section-title qodef-alignment--left qodef-title-break--disabled\">\n    <div class=\"qodef-title-wrapper\">\n                \t<h4 class=\"qodef-m-title\" >\n\t\t\t\t\tAYTA\u015e HORTUM DI\u015e T\u0130CARET MAK\u0130NE SANAY\u0130 A.\u015e.\t\t\t<\/h4>\n    <\/div>\n    \t<\/div>\n\t\t\t\t<\/div>\n\t\t\t\t<\/div>\n\t\t\t\t<div class=\"elementor-element elementor-element-2618cd8 elementor-widget elementor-widget-biotellus_core_icon_list_item\" data-id=\"2618cd8\" data-element_type=\"widget\" data-widget_type=\"biotellus_core_icon_list_item.default\">\n\t\t\t\t<div class=\"elementor-widget-container\">\n\t\t\t\t\t<div class=\"qodef-icon-list-item qodef-icon--icon-pack\" >\n\t<p class=\"qodef-e-title\" style=\"--qode-list-item-color: #919191;--qode-list-item-hover-color: #A7A7A7\">\n\t\t\t\t\t<a itemprop=\"url\" href=\"https:\/\/share.google\/rfcALCMGjE5XgIXgF\" target=\"_blank\">\n\t\t\t\t\t<span class=\"qodef-e-title-inner\">\n\t\t\t\t<span class=\"qodef-shortcode qodef-m qodef-icon-holder qodef-layout--normal\" data-hover-color=\"#A7A7A7\" >\t\t\t<span class=\"qodef-icon-ionicons ion-ios-pin qodef-icon qodef-e\" style=\"color: #919191\" ><\/span>\t<\/span>\t\t\t\t<span class=\"qodef-e-title-text\">\u00c7erke\u015fli Mah. Uzuntarla Sok. No:2 PK:41455 Dilovas\u0131\/Kocaeli\/T\u00fcrkiye<\/span>\n\t\t\t<\/span>\n\t\t\t\t\t<\/a>\n\t\t\t<\/p>\n<\/div>\n\t\t\t\t<\/div>\n\t\t\t\t<\/div>\n\t\t\t\t<div class=\"elementor-element elementor-element-00115e8 elementor-widget elementor-widget-biotellus_core_icon_list_item\" data-id=\"00115e8\" data-element_type=\"widget\" data-widget_type=\"biotellus_core_icon_list_item.default\">\n\t\t\t\t<div class=\"elementor-widget-container\">\n\t\t\t\t\t<div class=\"qodef-icon-list-item qodef-icon--icon-pack\" >\n\t<p class=\"qodef-e-title\" style=\"--qode-list-item-color: #919191;--qode-list-item-hover-color: #A7A7A7\">\n\t\t\t\t\t<a itemprop=\"url\" href=\"tel:+902628881424\" target=\"_self\">\n\t\t\t\t\t<span class=\"qodef-e-title-inner\">\n\t\t\t\t<span class=\"qodef-shortcode qodef-m qodef-icon-holder qodef-layout--normal\" data-hover-color=\"#A7A7A7\" >\t\t\t<span class=\"qodef-icon-ionicons ion-ios-call qodef-icon qodef-e\" style=\"color: #919191\" ><\/span>\t<\/span>\t\t\t\t<span class=\"qodef-e-title-text\">+90 262 888 14 24<\/span>\n\t\t\t<\/span>\n\t\t\t\t\t<\/a>\n\t\t\t<\/p>\n<\/div>\n\t\t\t\t<\/div>\n\t\t\t\t<\/div>\n\t\t\t\t<div class=\"elementor-element elementor-element-50996a7 elementor-widget elementor-widget-biotellus_core_icon_list_item\" data-id=\"50996a7\" data-element_type=\"widget\" data-widget_type=\"biotellus_core_icon_list_item.default\">\n\t\t\t\t<div class=\"elementor-widget-container\">\n\t\t\t\t\t<div class=\"qodef-icon-list-item qodef-icon--icon-pack\" >\n\t<p class=\"qodef-e-title\" style=\"--qode-list-item-color: #919191;--qode-list-item-hover-color: #A7A7A7\">\n\t\t\t\t\t<a itemprop=\"url\" href=\"tel:+902628881430%20\" target=\"_self\">\n\t\t\t\t\t<span class=\"qodef-e-title-inner\">\n\t\t\t\t<span class=\"qodef-shortcode qodef-m qodef-icon-holder qodef-layout--normal\" data-hover-color=\"#A7A7A7\" >\t\t\t<span class=\"qodef-icon-ionicons ion-ios-call qodef-icon qodef-e\" style=\"color: #919191\" ><\/span>\t<\/span>\t\t\t\t<span class=\"qodef-e-title-text\">+90 262 888 14 30 <\/span>\n\t\t\t<\/span>\n\t\t\t\t\t<\/a>\n\t\t\t<\/p>\n<\/div>\n\t\t\t\t<\/div>\n\t\t\t\t<\/div>\n\t\t\t\t<div class=\"elementor-element elementor-element-401e2cc elementor-widget elementor-widget-biotellus_core_icon_list_item\" data-id=\"401e2cc\" data-element_type=\"widget\" data-widget_type=\"biotellus_core_icon_list_item.default\">\n\t\t\t\t<div class=\"elementor-widget-container\">\n\t\t\t\t\t<div class=\"qodef-icon-list-item qodef-icon--icon-pack\" >\n\t<p class=\"qodef-e-title\" style=\"--qode-list-item-color: #919191;--qode-list-item-hover-color: #A7A7A7\">\n\t\t\t\t\t<a itemprop=\"url\" href=\"mailto:info@aytashortum.com.tr\" target=\"_self\">\n\t\t\t\t\t<span class=\"qodef-e-title-inner\">\n\t\t\t\t<span class=\"qodef-shortcode qodef-m qodef-icon-holder qodef-layout--normal\" data-hover-color=\"#A7A7A7\" >\t\t\t<span class=\"qodef-icon-ionicons ion-ios-mail qodef-icon qodef-e\" style=\"color: #919191\" ><\/span>\t<\/span>\t\t\t\t<span class=\"qodef-e-title-text\">info@aytashortum.com.tr<\/span>\n\t\t\t<\/span>\n\t\t\t\t\t<\/a>\n\t\t\t<\/p>\n<\/div>\n\t\t\t\t<\/div>\n\t\t\t\t<\/div>\n\t\t\t\t<div class=\"elementor-element elementor-element-d4aaf5c elementor-widget elementor-widget-heading\" data-id=\"d4aaf5c\" data-element_type=\"widget\" data-widget_type=\"heading.default\">\n\t\t\t\t\t<p class=\"elementor-heading-title elementor-size-default\">Sat\u0131\u015f<\/p>\t\t\t\t<\/div>\n\t\t\t\t<div class=\"elementor-element elementor-element-fcc7b7b elementor-widget elementor-widget-biotellus_core_icon_list_item\" data-id=\"fcc7b7b\" data-element_type=\"widget\" data-widget_type=\"biotellus_core_icon_list_item.default\">\n\t\t\t\t<div class=\"elementor-widget-container\">\n\t\t\t\t\t<div class=\"qodef-icon-list-item qodef-icon--icon-pack\" >\n\t<p class=\"qodef-e-title\" style=\"--qode-list-item-color: #919191;--qode-list-item-hover-color: #A7A7A7\">\n\t\t\t\t\t<a itemprop=\"url\" href=\"mailto:doruk.tasci@aytashortum.com.tr%20\" target=\"_self\">\n\t\t\t\t\t<span class=\"qodef-e-title-inner\">\n\t\t\t\t<span class=\"qodef-shortcode qodef-m qodef-icon-holder qodef-layout--normal\" data-hover-color=\"#A7A7A7\" >\t\t\t<span class=\"qodef-icon-ionicons ion-ios-person qodef-icon qodef-e\" style=\"color: #919191\" ><\/span>\t<\/span>\t\t\t\t<span class=\"qodef-e-title-text\">doruk.tasci@aytashortum.com.tr <\/span>\n\t\t\t<\/span>\n\t\t\t\t\t<\/a>\n\t\t\t<\/p>\n<\/div>\n\t\t\t\t<\/div>\n\t\t\t\t<\/div>\n\t\t\t\t<div class=\"elementor-element elementor-element-23be6ea elementor-widget elementor-widget-biotellus_core_icon_list_item\" data-id=\"23be6ea\" data-element_type=\"widget\" data-widget_type=\"biotellus_core_icon_list_item.default\">\n\t\t\t\t<div class=\"elementor-widget-container\">\n\t\t\t\t\t<div class=\"qodef-icon-list-item qodef-icon--icon-pack\" >\n\t<p class=\"qodef-e-title\" style=\"--qode-list-item-color: #919191;--qode-list-item-hover-color: #A7A7A7\">\n\t\t\t\t\t<a itemprop=\"url\" href=\"mailto:ozlem.tasci@aytashortum.com.tr\" target=\"_self\">\n\t\t\t\t\t<span class=\"qodef-e-title-inner\">\n\t\t\t\t<span class=\"qodef-shortcode qodef-m qodef-icon-holder qodef-layout--normal\" data-hover-color=\"#A7A7A7\" >\t\t\t<span class=\"qodef-icon-ionicons ion-ios-person qodef-icon qodef-e\" style=\"color: #919191\" ><\/span>\t<\/span>\t\t\t\t<span class=\"qodef-e-title-text\">ozlem.tasci@aytashortum.com.tr<\/span>\n\t\t\t<\/span>\n\t\t\t\t\t<\/a>\n\t\t\t<\/p>\n<\/div>\n\t\t\t\t<\/div>\n\t\t\t\t<\/div>\n\t\t\t\t\t<\/div>\n\t\t<\/div>\n\t\t\t\t\t<\/div>\n\t\t<\/section>\n\t\t<div class=\"elementor-element elementor-element-ea1f6ad e-flex e-con-boxed qodef-elementor-content-no e-con e-parent\" data-id=\"ea1f6ad\" data-element_type=\"container\">\n\t\t\t\t\t<div class=\"e-con-inner\">\n\t\t\t\t<div class=\"elementor-element elementor-element-9bb85a2 elementor-widget elementor-widget-spacer\" data-id=\"9bb85a2\" data-element_type=\"widget\" data-widget_type=\"spacer.default\">\n\t\t\t\t\t\t\t<div class=\"elementor-spacer\">\n\t\t\t<div class=\"elementor-spacer-inner\"><\/div>\n\t\t<\/div>\n\t\t\t\t\t\t<\/div>\n\t\t\t\t\t<\/div>\n\t\t\t\t<\/div>\n\t\t\t\t<\/div>","protected":false},"excerpt":{"rendered":"<p>AYTA\u015e HORTUM DI\u015e T\u0130CARET MAK\u0130NE SANAY\u0130 A.\u015e. \u00c7erke\u015fli Mah. Uzuntarla Sok. No:2 PK:41455 Dilovas\u0131\/Kocaeli\/T\u00fcrkiye +90 262 888 14 24 +90 262 888 14 30 info@aytashortum.com.tr Sales doruk.tasci@aytashortum.com.tr ozlem.tasci@aytashortum.com.tr<\/p>","protected":false},"author":1,"featured_media":0,"parent":0,"menu_order":0,"comment_status":"closed","ping_status":"closed","template":"page-full-width.php","meta":{"footnotes":""},"class_list":["post-4609","page","type-page","status-publish","hentry"],"_links":{"self":[{"href":"https:\/\/aytashortum.com.tr\/tr\/wp-json\/wp\/v2\/pages\/4609","targetHints":{"allow":["GET"]}}],"collection":[{"href":"https:\/\/aytashortum.com.tr\/tr\/wp-json\/wp\/v2\/pages"}],"about":[{"href":"https:\/\/aytashortum.com.tr\/tr\/wp-json\/wp\/v2\/types\/page"}],"author":[{"embeddable":true,"href":"https:\/\/aytashortum.com.tr\/tr\/wp-json\/wp\/v2\/users\/1"}],"replies":[{"embeddable":true,"href":"https:\/\/aytashortum.com.tr\/tr\/wp-json\/wp\/v2\/comments?post=4609"}],"version-history":[{"count":59,"href":"https:\/\/aytashortum.com.tr\/tr\/wp-json\/wp\/v2\/pages\/4609\/revisions"}],"predecessor-version":[{"id":9731,"href":"https:\/\/aytashortum.com.tr\/tr\/wp-json\/wp\/v2\/pages\/4609\/revisions\/9731"}],"wp:attachment":[{"href":"https:\/\/aytashortum.com.tr\/tr\/wp-json\/wp\/v2\/media?parent=4609"}],"curies":[{"name":"wp","href":"https:\/\/api.w.org\/{rel}","templated":true}]}}